{"id":4645,"date":"2020-11-28T21:32:15","date_gmt":"2020-11-28T21:32:15","guid":{"rendered":"https:\/\/zaatar.life\/receptes\/"},"modified":"2021-01-23T21:54:34","modified_gmt":"2021-01-23T21:54:34","slug":"receptes","status":"publish","type":"page","link":"https:\/\/zaatar.life\/ca\/receptes\/","title":{"rendered":"Receptes"},"content":{"rendered":"<p>[vc_row section_type=&#8221;fullwidth-element&#8221; margin_bottom=&#8221;20&#8243;][vc_column css=&#8221;.vc_custom_1606604171831{padding-right: 3% !important;padding-left: 3% !important;}&#8221;]\t\t\t<div class=\"grve-element grve-portfolio grve-isotope\" style=\"\" data-gutter=\"yes\" data-spinner=\"no\" data-type=\"3-columns\" data-layout=\"masonry\">\r\n\t\t\t\t\t\t<div class=\"grve-filter grve-align-center\">\r\n\t\t\t\t\t<ul>\r\n\t\t\t\t\t\t<li data-filter=\"*\" class=\"selected\">All<\/li><li data-filter=\".portfolio_category-coccio\">Cocci\u00f3<\/li><li data-filter=\".portfolio_category-forn\">Forn<\/li>\t\t\t\t\t<\/ul>\r\n\t\t\t\t<\/div>\r\n\t\t\r\n\t\t\t<div class=\"grve-isotope-container\">\r\n\t\t\t\t\t\t\t<article id=\"portfolio-5176-69d5fb7680fe6\" class=\"grve-isotope-item grve-portfolio-item grve-masonry-image post-5176 portfolio type-portfolio status-publish has-post-thumbnail hentry portfolio_category-coccio portfolio_category-forn portfolio_field-facil-ca portfolio_field-menys-de-15-min portfolio_field-per-4-persones\">\r\n\t\t\t\t\t\t\t\t\t\t\t\t\t\t\t\t\t\t<a href=\"https:\/\/zaatar.life\/ca\/recetas\/rotlles-de-mozzarella-i-zaatar\/\">\r\n\t\t\t\t\t\t\t\t\t\t\t<figure class=\"grve-hover-style-2 grve-primary-1\">\r\n\t\t\t\t\t\t\t\t<div class=\"grve-media\">\r\n\t\t\t\t\t\t\t\t\t<img width=\"560\" height=\"560\" src=\"https:\/\/zaatar.life\/wp-content\/uploads\/2021\/04\/DSCF3278-copy-560x560.jpg\" class=\"attachment-grve-image-small-square size-grve-image-small-square\" alt=\"\" loading=\"lazy\" srcset=\"https:\/\/zaatar.life\/wp-content\/uploads\/2021\/04\/DSCF3278-copy-560x560.jpg 560w, https:\/\/zaatar.life\/wp-content\/uploads\/2021\/04\/DSCF3278-copy-150x150.jpg 150w, https:\/\/zaatar.life\/wp-content\/uploads\/2021\/04\/DSCF3278-copy-80x80.jpg 80w, https:\/\/zaatar.life\/wp-content\/uploads\/2021\/04\/DSCF3278-copy-1120x1120.jpg 1120w, https:\/\/zaatar.life\/wp-content\/uploads\/2021\/04\/DSCF3278-copy-300x300.jpg 300w, https:\/\/zaatar.life\/wp-content\/uploads\/2021\/04\/DSCF3278-copy-100x100.jpg 100w\" sizes=\"(max-width: 560px) 100vw, 560px\" \/>\t\t\t\t\t\t\t\t<\/div>\r\n\t\t\t\t\t\t\t\t<figcaption class=\"grve-primary-1-overlay grve-opacity-70\">\r\n\t\t\t\t\t\t\t\t\t<div class=\"grve-content\">\r\n\t\t\t\t\t\t\t\t\t\t\t\t<div class=\"grve-like-counter grve-icon-heart\"><span>2<\/span><\/div>\r\n\t\t\t\t\t\t\t\t\t\t\t\t\t\t\t\t\t\t\t\t<h6 class=\"grve-title grve-primary-1\">Rotlles de mozzarella i za&#8217;atar<\/h6>\r\n\t\t\t\t\t\t\t\t\t\t\t\t\t\t\t\t\t\t\t\t\t\t\t\t\t\t\t\t\t\t<span class=\"grve-caption grve-primary-1\">Snack mediterrani<\/span>\r\n\t\t\t\t\t\t\t\t\t\t\t\t\t\t\t\t\t\t\t<\/div>\r\n\t\t\t\t\t\t\t\t<\/figcaption>\r\n\t\t\t\t\t\t\t<\/figure>\r\n\t\t\t\t\t\t\t<\/a>\t\t\t\t\t\t\t\t\t\t\t\t\t\r\n\t\t\t\t\t<\/article>\r\n\t\t\t\t\t<article id=\"portfolio-5170-69d5fb7681d8c\" class=\"grve-isotope-item grve-portfolio-item grve-masonry-w2 post-5170 portfolio type-portfolio status-publish has-post-thumbnail hentry portfolio_category-coccio portfolio_category-forn portfolio_field-facil-ca portfolio_field-menys-de-20-min portfolio_field-per-4-persones\">\r\n\t\t\t\t\t\t\t\t\t\t\t\t\t\t\t\t\t\t<a href=\"https:\/\/zaatar.life\/ca\/recetas\/rotllets-de-zaatar-parmesa-i-tomaquet-sec\/\">\r\n\t\t\t\t\t\t\t\t\t\t\t<figure class=\"grve-hover-style-2 grve-primary-1\">\r\n\t\t\t\t\t\t\t\t<div class=\"grve-media\">\r\n\t\t\t\t\t\t\t\t\t<img width=\"560\" height=\"315\" src=\"https:\/\/zaatar.life\/wp-content\/uploads\/2021\/04\/DSCF3390-1-560x315.jpg\" class=\"attachment-grve-image-small-rect-horizontal size-grve-image-small-rect-horizontal\" alt=\"\" loading=\"lazy\" srcset=\"https:\/\/zaatar.life\/wp-content\/uploads\/2021\/04\/DSCF3390-1-560x315.jpg 560w, https:\/\/zaatar.life\/wp-content\/uploads\/2021\/04\/DSCF3390-1-1170x658.jpg 1170w\" sizes=\"(max-width: 560px) 100vw, 560px\" \/>\t\t\t\t\t\t\t\t<\/div>\r\n\t\t\t\t\t\t\t\t<figcaption class=\"grve-primary-1-overlay grve-opacity-70\">\r\n\t\t\t\t\t\t\t\t\t<div class=\"grve-content\">\r\n\t\t\t\t\t\t\t\t\t\t\t\t<div class=\"grve-like-counter grve-icon-heart\"><span>2<\/span><\/div>\r\n\t\t\t\t\t\t\t\t\t\t\t\t\t\t\t\t\t\t\t\t<h6 class=\"grve-title grve-primary-1\">Rotllets de za&#8217;atar, parmes\u00e0 i tom\u00e0quet sec<\/h6>\r\n\t\t\t\t\t\t\t\t\t\t\t\t\t\t\t\t\t\t\t\t\t\t\t\t\t\t\t\t\t\t<span class=\"grve-caption grve-primary-1\">Snack mediterrani<\/span>\r\n\t\t\t\t\t\t\t\t\t\t\t\t\t\t\t\t\t\t\t<\/div>\r\n\t\t\t\t\t\t\t\t<\/figcaption>\r\n\t\t\t\t\t\t\t<\/figure>\r\n\t\t\t\t\t\t\t<\/a>\t\t\t\t\t\t\t\t\t\t\t\t\t\r\n\t\t\t\t\t<\/article>\r\n\t\t\t\t<\/div>\r\n\t\t\t<\/div>\r\n\r\n\t\t[\/vc_column][\/vc_row][vc_row bg_type=&#8221;color&#8221; footer_feature=&#8221;yes&#8221; section_id=&#8221;follow-instagram&#8221; padding_top=&#8221;60&#8243; padding_bottom=&#8221;40&#8243; bg_color=&#8221;#f4f4f4&#8243;][vc_column width=&#8221;2\/3&#8243;]<div class=\"grve-element grve-slogan grve-align-left\" style=\"margin-bottom: 0px;\"><h3 class=\"grve-slogan-title grve-align-left grve-title-line\"><span>Segueix-nos a Instagram<\/span><\/h3>  <p class=\"grve-leader-text\"><\/p><\/div>[vc_column_text animation_delay=&#8221;100&#8243;]Segueix-nos a instagram i no et perdis cap de les nostres novetats. Fes clic al logo de instagram per accedir al nostre perfil.[\/vc_column_text][\/vc_column][vc_column width=&#8221;1\/3&#8243;][vc_raw_html]PGNlbnRlcj48YSBocmVmPSJodHRwczovL2luc3RhZ3JhbS5jb20vemFhdGFyLmxpZmUiIHRhcmdldD0iX2JsYW5rIiByZWw9Im5vb3BlbmVyIj48aW1nIGNsYXNzPSJpbWFnZS03NSIgc3JjPSJodHRwczovL3phYXRhci5saWZlL3dwLWNvbnRlbnQvdXBsb2Fkcy8yMDIwLzExL0NvbnRhY3Rhbm9zX0lHX2JsYWNrX0NBVC5wbmciIC8+PC9hPjwvY2VudGVyPg==[\/vc_raw_html][\/vc_column][\/vc_row]<\/p>\n","protected":false},"excerpt":{"rendered":"<p>[vc_row section_type=&#8221;fullwidth-element&#8221; margin_bottom=&#8221;20&#8243;][vc_column css=&#8221;.vc_custom_1606604171831{padding-right: 3% !important;padding-left: 3% !important;}&#8221;][\/vc_column][\/vc_row][vc_row bg_type=&#8221;color&#8221; footer_feature=&#8221;yes&#8221; section_id=&#8221;follow-instagram&#8221; padding_top=&#8221;60&#8243; padding_bottom=&#8221;40&#8243; bg_color=&#8221;#f4f4f4&#8243;][vc_column width=&#8221;2\/3&#8243;][vc_column_text animation_delay=&#8221;100&#8243;]Segueix-nos a instagram i no et perdis cap de les nostres novetats. Fes clic al logo de instagram per accedir al nostre perfil.[\/vc_column_text][\/vc_column][vc_column width=&#8221;1\/3&#8243;][vc_raw_html]PGNlbnRlcj48YSBocmVmPSJodHRwczovL2luc3RhZ3JhbS5jb20vemFhdGFyLmxpZmUiIHRhcmdldD0iX2JsYW5rIiByZWw9Im5vb3BlbmVyIj48aW1nIGNsYXNzPSJpbWFnZS03NSIgc3JjPSJodHRwczovL3phYXRhci5saWZlL3dwLWNvbnRlbnQvdXBsb2Fkcy8yMDIwLzExL0NvbnRhY3Rhbm9zX0lHX2JsYWNrX0NBVC5wbmciIC8+PC9hPjwvY2VudGVyPg==[\/vc_raw_html][\/vc_column][\/vc_row]<\/p>\n","protected":false},"author":1,"featured_media":0,"parent":0,"menu_order":0,"comment_status":"open","ping_status":"open","template":"","meta":[],"yoast_head":"<!-- This site is optimized with the Yoast SEO plugin v16.5 - https:\/\/yoast.com\/wordpress\/plugins\/seo\/ -->\n<title>Receptes - Zaatar.life<\/title>\n<meta name=\"description\" content=\"Aqu\u00ed trobar\u00e0s receptes saludables amb les que podr\u00e0s gaudir del za&#039;atar. A qu\u00e8 esperes per descobrir-les?\" \/>\n<meta name=\"robots\" content=\"index, follow, max-snippet:-1, max-image-preview:large, max-video-preview:-1\" \/>\n<link rel=\"canonical\" href=\"https:\/\/zaatar.life\/ca\/receptes\/\" \/>\n<meta property=\"og:locale\" content=\"ca_ES\" \/>\n<meta property=\"og:type\" content=\"article\" \/>\n<meta property=\"og:title\" content=\"Receptes - Zaatar.life\" \/>\n<meta property=\"og:description\" content=\"Aqu\u00ed trobar\u00e0s receptes saludables amb les que podr\u00e0s gaudir del za&#039;atar. A qu\u00e8 esperes per descobrir-les?\" \/>\n<meta property=\"og:url\" content=\"https:\/\/zaatar.life\/ca\/receptes\/\" \/>\n<meta property=\"og:site_name\" content=\"Zaatar.life\" \/>\n<meta property=\"article:modified_time\" content=\"2021-01-23T21:54:34+00:00\" \/>\n<meta name=\"twitter:card\" content=\"summary_large_image\" \/>\n<meta name=\"twitter:label1\" content=\"Temps estimat de lectura\" \/>\n\t<meta name=\"twitter:data1\" content=\"1 minut\" \/>\n<script type=\"application\/ld+json\" class=\"yoast-schema-graph\">{\"@context\":\"https:\/\/schema.org\",\"@graph\":[{\"@type\":\"Organization\",\"@id\":\"https:\/\/zaatar.life\/#organization\",\"name\":\"Zaatar.life\",\"url\":\"https:\/\/zaatar.life\/\",\"sameAs\":[\"https:\/\/www.instagram.com\/zaatar.life\/\"],\"logo\":{\"@type\":\"ImageObject\",\"@id\":\"https:\/\/zaatar.life\/#logo\",\"inLanguage\":\"ca\",\"url\":\"https:\/\/zaatar.life\/wp-content\/uploads\/2020\/11\/zaatar-life-logo-15.png\",\"contentUrl\":\"https:\/\/zaatar.life\/wp-content\/uploads\/2020\/11\/zaatar-life-logo-15.png\",\"width\":1692,\"height\":714,\"caption\":\"Zaatar.life\"},\"image\":{\"@id\":\"https:\/\/zaatar.life\/#logo\"}},{\"@type\":\"WebSite\",\"@id\":\"https:\/\/zaatar.life\/#website\",\"url\":\"https:\/\/zaatar.life\/\",\"name\":\"Zaatar.life\",\"description\":\"Una hierba, una tierra, una tradici\\u00f3n\",\"publisher\":{\"@id\":\"https:\/\/zaatar.life\/#organization\"},\"potentialAction\":[{\"@type\":\"SearchAction\",\"target\":\"https:\/\/zaatar.life\/?s={search_term_string}\",\"query-input\":\"required name=search_term_string\"}],\"inLanguage\":\"ca\"},{\"@type\":\"WebPage\",\"@id\":\"https:\/\/zaatar.life\/ca\/receptes\/#webpage\",\"url\":\"https:\/\/zaatar.life\/ca\/receptes\/\",\"name\":\"Receptes - Zaatar.life\",\"isPartOf\":{\"@id\":\"https:\/\/zaatar.life\/#website\"},\"datePublished\":\"2020-11-28T21:32:15+00:00\",\"dateModified\":\"2021-01-23T21:54:34+00:00\",\"description\":\"Aqu\\u00ed trobar\\u00e0s receptes saludables amb les que podr\\u00e0s gaudir del za'atar. A qu\\u00e8 esperes per descobrir-les?\",\"breadcrumb\":{\"@id\":\"https:\/\/zaatar.life\/ca\/receptes\/#breadcrumb\"},\"inLanguage\":\"ca\",\"potentialAction\":[{\"@type\":\"ReadAction\",\"target\":[\"https:\/\/zaatar.life\/ca\/receptes\/\"]}]},{\"@type\":\"BreadcrumbList\",\"@id\":\"https:\/\/zaatar.life\/ca\/receptes\/#breadcrumb\",\"itemListElement\":[{\"@type\":\"ListItem\",\"position\":1,\"name\":\"Portada\",\"item\":\"https:\/\/zaatar.life\/ca\/\"},{\"@type\":\"ListItem\",\"position\":2,\"name\":\"Receptes\"}]}]}<\/script>\n<!-- \/ Yoast SEO plugin. -->","_links":{"self":[{"href":"https:\/\/zaatar.life\/ca\/wp-json\/wp\/v2\/pages\/4645"}],"collection":[{"href":"https:\/\/zaatar.life\/ca\/wp-json\/wp\/v2\/pages"}],"about":[{"href":"https:\/\/zaatar.life\/ca\/wp-json\/wp\/v2\/types\/page"}],"author":[{"embeddable":true,"href":"https:\/\/zaatar.life\/ca\/wp-json\/wp\/v2\/users\/1"}],"replies":[{"embeddable":true,"href":"https:\/\/zaatar.life\/ca\/wp-json\/wp\/v2\/comments?post=4645"}],"version-history":[{"count":11,"href":"https:\/\/zaatar.life\/ca\/wp-json\/wp\/v2\/pages\/4645\/revisions"}],"predecessor-version":[{"id":5110,"href":"https:\/\/zaatar.life\/ca\/wp-json\/wp\/v2\/pages\/4645\/revisions\/5110"}],"wp:attachment":[{"href":"https:\/\/zaatar.life\/ca\/wp-json\/wp\/v2\/media?parent=4645"}],"curies":[{"name":"wp","href":"https:\/\/api.w.org\/{rel}","templated":true}]}}